{"id":1344,"date":"2025-11-12T11:43:54","date_gmt":"2025-11-12T11:43:54","guid":{"rendered":"https:\/\/idc-clinic.connectionthemes.com\/especialidades\/"},"modified":"2026-01-19T11:09:14","modified_gmt":"2026-01-19T11:09:14","slug":"specialties","status":"publish","type":"page","link":"https:\/\/idc-clinic.connectionthemes.com\/en\/specialties\/","title":{"rendered":"Specialties"},"content":{"rendered":"<h3>A IDC.Clinic oferece diversas especialidades nas \u00e1reas da medicina dent\u00e1ria, est\u00e9tica e cabelo.<\/h3>\n","protected":false},"excerpt":{"rendered":"<p>A IDC.Clinic oferece diversas especialidades nas \u00e1reas da medicina dent\u00e1ria, est\u00e9tica e cabelo.<\/p>\n","protected":false},"author":1,"featured_media":0,"parent":0,"menu_order":0,"comment_status":"closed","ping_status":"closed","template":"template-specialities.php","meta":{"footnotes":""},"class_list":["post-1344","page","type-page","status-publish","hentry"],"acf":[],"_links":{"self":[{"href":"https:\/\/idc-clinic.connectionthemes.com\/en\/wp-json\/wp\/v2\/pages\/1344","targetHints":{"allow":["GET"]}}],"collection":[{"href":"https:\/\/idc-clinic.connectionthemes.com\/en\/wp-json\/wp\/v2\/pages"}],"about":[{"href":"https:\/\/idc-clinic.connectionthemes.com\/en\/wp-json\/wp\/v2\/types\/page"}],"author":[{"embeddable":true,"href":"https:\/\/idc-clinic.connectionthemes.com\/en\/wp-json\/wp\/v2\/users\/1"}],"replies":[{"embeddable":true,"href":"https:\/\/idc-clinic.connectionthemes.com\/en\/wp-json\/wp\/v2\/comments?post=1344"}],"version-history":[{"count":7,"href":"https:\/\/idc-clinic.connectionthemes.com\/en\/wp-json\/wp\/v2\/pages\/1344\/revisions"}],"predecessor-version":[{"id":4109,"href":"https:\/\/idc-clinic.connectionthemes.com\/en\/wp-json\/wp\/v2\/pages\/1344\/revisions\/4109"}],"wp:attachment":[{"href":"https:\/\/idc-clinic.connectionthemes.com\/en\/wp-json\/wp\/v2\/media?parent=1344"}],"curies":[{"name":"wp","href":"https:\/\/api.w.org\/{rel}","templated":true}]}}