{"id":1342,"date":"2025-11-12T11:51:57","date_gmt":"2025-11-12T11:51:57","guid":{"rendered":"https:\/\/idc-clinic.connectionthemes.com\/tecnologias\/"},"modified":"2026-01-19T11:28:09","modified_gmt":"2026-01-19T11:28:09","slug":"technologies","status":"publish","type":"page","link":"https:\/\/idc-clinic.connectionthemes.com\/fr\/technologies\/","title":{"rendered":"Technologies"},"content":{"rendered":"<p>Chez IDC.Clinic, nous investissons dans les technologies les plus avanc\u00e9es pour vous offrir des soins dentaires d&rsquo;excellence, garantissant une sant\u00e9 bucco-dentaire pr\u00e9cise, rapide et confortable.<\/p>\n<p>L&rsquo;investissement dans des \u00e9quipements num\u00e9riques et des syst\u00e8mes innovants nous permet d&rsquo;am\u00e9liorer le diagnostic et la planification des traitements, pour une exp\u00e9rience plus agr\u00e9able et des r\u00e9sultats pr\u00e9visibles et s\u00fbrs.<\/p>\n<p>Nous allions technologie et soins personnalis\u00e9s, adapt\u00e9s aux besoins de chaque patient, dans des domaines tels que l&rsquo;implantologie, l&rsquo;orthodontie, la r\u00e9habilitation orale et la dentisterie esth\u00e9tique.<\/p>\n","protected":false},"excerpt":{"rendered":"<p>Chez IDC.Clinic, nous investissons dans les technologies les plus avanc\u00e9es pour vous offrir des soins dentaires d&rsquo;excellence, garantissant une sant\u00e9 bucco-dentaire pr\u00e9cise, rapide et confortable. L&rsquo;investissement dans des \u00e9quipements num\u00e9riques et des syst\u00e8mes innovants nous permet d&rsquo;am\u00e9liorer le diagnostic et la planification des traitements, pour une exp\u00e9rience plus agr\u00e9able et des r\u00e9sultats pr\u00e9visibles et s\u00fbrs. [&hellip;]<\/p>\n","protected":false},"author":1,"featured_media":1343,"parent":0,"menu_order":0,"comment_status":"closed","ping_status":"closed","template":"template-technologies.php","meta":{"footnotes":""},"class_list":["post-1342","page","type-page","status-publish","has-post-thumbnail","hentry"],"acf":[],"_links":{"self":[{"href":"https:\/\/idc-clinic.connectionthemes.com\/fr\/wp-json\/wp\/v2\/pages\/1342","targetHints":{"allow":["GET"]}}],"collection":[{"href":"https:\/\/idc-clinic.connectionthemes.com\/fr\/wp-json\/wp\/v2\/pages"}],"about":[{"href":"https:\/\/idc-clinic.connectionthemes.com\/fr\/wp-json\/wp\/v2\/types\/page"}],"author":[{"embeddable":true,"href":"https:\/\/idc-clinic.connectionthemes.com\/fr\/wp-json\/wp\/v2\/users\/1"}],"replies":[{"embeddable":true,"href":"https:\/\/idc-clinic.connectionthemes.com\/fr\/wp-json\/wp\/v2\/comments?post=1342"}],"version-history":[{"count":5,"href":"https:\/\/idc-clinic.connectionthemes.com\/fr\/wp-json\/wp\/v2\/pages\/1342\/revisions"}],"predecessor-version":[{"id":4123,"href":"https:\/\/idc-clinic.connectionthemes.com\/fr\/wp-json\/wp\/v2\/pages\/1342\/revisions\/4123"}],"wp:featuredmedia":[{"embeddable":true,"href":"https:\/\/idc-clinic.connectionthemes.com\/fr\/wp-json\/wp\/v2\/media\/1343"}],"wp:attachment":[{"href":"https:\/\/idc-clinic.connectionthemes.com\/fr\/wp-json\/wp\/v2\/media?parent=1342"}],"curies":[{"name":"wp","href":"https:\/\/api.w.org\/{rel}","templated":true}]}}