{"id":1345,"date":"2025-11-12T11:43:54","date_gmt":"2025-11-12T11:43:54","guid":{"rendered":"https:\/\/idc-clinic.connectionthemes.com\/especialidades\/"},"modified":"2026-01-19T09:43:54","modified_gmt":"2026-01-19T09:43:54","slug":"specialites","status":"publish","type":"page","link":"https:\/\/idc-clinic.connectionthemes.com\/fr\/specialites\/","title":{"rendered":"Sp\u00e9cialit\u00e9s"},"content":{"rendered":"<h3>A IDC.Clinic oferece diversas especialidades nas \u00e1reas da medicina dent\u00e1ria, est\u00e9tica e cabelo.<\/h3>\n","protected":false},"excerpt":{"rendered":"<p>A IDC.Clinic oferece diversas especialidades nas \u00e1reas da medicina dent\u00e1ria, est\u00e9tica e cabelo.<\/p>\n","protected":false},"author":1,"featured_media":0,"parent":0,"menu_order":0,"comment_status":"closed","ping_status":"closed","template":"template-specialities.php","meta":{"footnotes":""},"class_list":["post-1345","page","type-page","status-publish","hentry"],"acf":[],"_links":{"self":[{"href":"https:\/\/idc-clinic.connectionthemes.com\/fr\/wp-json\/wp\/v2\/pages\/1345","targetHints":{"allow":["GET"]}}],"collection":[{"href":"https:\/\/idc-clinic.connectionthemes.com\/fr\/wp-json\/wp\/v2\/pages"}],"about":[{"href":"https:\/\/idc-clinic.connectionthemes.com\/fr\/wp-json\/wp\/v2\/types\/page"}],"author":[{"embeddable":true,"href":"https:\/\/idc-clinic.connectionthemes.com\/fr\/wp-json\/wp\/v2\/users\/1"}],"replies":[{"embeddable":true,"href":"https:\/\/idc-clinic.connectionthemes.com\/fr\/wp-json\/wp\/v2\/comments?post=1345"}],"version-history":[{"count":7,"href":"https:\/\/idc-clinic.connectionthemes.com\/fr\/wp-json\/wp\/v2\/pages\/1345\/revisions"}],"predecessor-version":[{"id":4102,"href":"https:\/\/idc-clinic.connectionthemes.com\/fr\/wp-json\/wp\/v2\/pages\/1345\/revisions\/4102"}],"wp:attachment":[{"href":"https:\/\/idc-clinic.connectionthemes.com\/fr\/wp-json\/wp\/v2\/media?parent=1345"}],"curies":[{"name":"wp","href":"https:\/\/api.w.org\/{rel}","templated":true}]}}