{"id":1347,"date":"2025-11-12T11:40:13","date_gmt":"2025-11-12T11:40:13","guid":{"rendered":"https:\/\/idc-clinic.connectionthemes.com\/equipa\/"},"modified":"2026-01-19T11:17:46","modified_gmt":"2026-01-19T11:17:46","slug":"equipe","status":"publish","type":"page","link":"https:\/\/idc-clinic.connectionthemes.com\/fr\/equipe\/","title":{"rendered":"\u00c9quipe"},"content":{"rendered":"<h3>Chez IDC.Clinic, vous trouverez une \u00e9quipe clinique multidisciplinaire hautement qualifi\u00e9e et centr\u00e9e sur le patient.<\/h3>\n","protected":false},"excerpt":{"rendered":"<p>Chez IDC.Clinic, vous trouverez une \u00e9quipe clinique multidisciplinaire hautement qualifi\u00e9e et centr\u00e9e sur le patient.<\/p>\n","protected":false},"author":1,"featured_media":0,"parent":0,"menu_order":0,"comment_status":"closed","ping_status":"closed","template":"template-team.php","meta":{"footnotes":""},"class_list":["post-1347","page","type-page","status-publish","hentry"],"acf":[],"_links":{"self":[{"href":"https:\/\/idc-clinic.connectionthemes.com\/fr\/wp-json\/wp\/v2\/pages\/1347","targetHints":{"allow":["GET"]}}],"collection":[{"href":"https:\/\/idc-clinic.connectionthemes.com\/fr\/wp-json\/wp\/v2\/pages"}],"about":[{"href":"https:\/\/idc-clinic.connectionthemes.com\/fr\/wp-json\/wp\/v2\/types\/page"}],"author":[{"embeddable":true,"href":"https:\/\/idc-clinic.connectionthemes.com\/fr\/wp-json\/wp\/v2\/users\/1"}],"replies":[{"embeddable":true,"href":"https:\/\/idc-clinic.connectionthemes.com\/fr\/wp-json\/wp\/v2\/comments?post=1347"}],"version-history":[{"count":3,"href":"https:\/\/idc-clinic.connectionthemes.com\/fr\/wp-json\/wp\/v2\/pages\/1347\/revisions"}],"predecessor-version":[{"id":4118,"href":"https:\/\/idc-clinic.connectionthemes.com\/fr\/wp-json\/wp\/v2\/pages\/1347\/revisions\/4118"}],"wp:attachment":[{"href":"https:\/\/idc-clinic.connectionthemes.com\/fr\/wp-json\/wp\/v2\/media?parent=1347"}],"curies":[{"name":"wp","href":"https:\/\/api.w.org\/{rel}","templated":true}]}}